{"id":528,"date":"2007-06-25T22:35:48","date_gmt":"2007-06-25T20:35:48","guid":{"rendered":"http:\/\/www.simdalom.com\/blog\/contacto\/"},"modified":"2026-03-07T14:21:26","modified_gmt":"2026-03-07T14:21:26","slug":"sobre-chema-martinez-priego","status":"publish","type":"page","link":"https:\/\/simdalom.com\/blog\/sobre-chema-martinez-priego\/","title":{"rendered":"Chema Mart\u00ednez-Priego"},"content":{"rendered":"<p class=\"p1\">\u00a1Hola!<\/p>\n<p class=\"p1\">Soy Chema Mart\u00ednez-Priego, marido, padre de cuatro preciosas ni\u00f1as y consultor. Aunque si soy sincero, la realidad es que me dedico a <span class=\"s1\"><b>poner proyectos en marcha y hacer que pasen cosas<\/b><\/span>.<\/p>\n<p class=\"p1\">Nac\u00ed en Lucena (C\u00f3rdoba), me cri\u00e9 en Marbella, estudi\u00e9 en Pamplona, aprend\u00ed a trabajar en Madrid y ahora vivo en C\u00e1ceres, desde donde trabajo con clientes de toda Espa\u00f1a y m\u00e1s all\u00e1.<\/p>\n<p class=\"p1\">A lo largo de los a\u00f1os he hecho muchas cosas, casi todas relacionadas con <span class=\"s1\"><b>entender c\u00f3mo cambian las organizaciones cuando cambia la tecnolog\u00eda<\/b><\/span>.<\/p>\n<p class=\"p1\">Hoy soy <strong>Presidente y<\/strong> <span class=\"s1\"><b>CEO de Enigmia y de Rommel &amp; Montgomery<\/b><\/span>, donde trabajamos en proyectos que combinan datos, inteligencia artificial, reputaci\u00f3n y estrategia para ayudar a empresas e instituciones a tomar mejores decisiones.<\/p>\n<p class=\"p1\">Antes de esto he tenido la suerte de fundar o participar en varios proyectos empresariales y educativos. Entre ellos <span class=\"s1\"><b>KSchool<\/b><\/span>, una de las primeras escuelas especializadas en marketing digital y anal\u00edtica en Espa\u00f1a (vendida a Proeduca-Unir en 2021), y otros proyectos empresariales en los que aprend\u00ed mucho\u2026 especialmente cuando salieron mal.<\/p>\n<p class=\"p1\">He trabajado en consultor\u00eda estrat\u00e9gica y marketing digital para empresas grandes, peque\u00f1as y medianas, y durante a\u00f1os he tenido la suerte de escribir y hablar sobre estos temas en medios, universidades y escuelas de negocio.<\/p>\n<p class=\"p1\">Soy autor de tres libros:<\/p>\n<ul>\n<li>\n<p class=\"p1\"><i>Claves del Nuevo Marketing<\/i><\/p>\n<\/li>\n<li>\n<p class=\"p1\"><a href=\"https:\/\/www.amazon.es\/Quiero-ser-Community-Manager-profesionales\/dp\/8473568311\"><i>Quiero ser Community Manager<\/i><\/a><\/p>\n<\/li>\n<li><a href=\"https:\/\/www.bubok.es\/libros\/285063\/la-arquitectura-del-talento\"><em>La arquitectura del Talento<\/em><\/a><\/li>\n<\/ul>\n<p class=\"p1\">Tambi\u00e9n he dado clases y seminarios en decenas de universidades y escuelas de negocio: IESE, ICEX-CECO, Universidad de Navarra, Nebrija, Carlos III, Universidad Polit\u00e9cnica de Valencia, Universidad de Las Palmas, entre otras.<\/p>\n<p class=\"p1\">Pero si tuviera que resumir lo que hago, ser\u00eda algo mucho m\u00e1s sencillo:<\/p>\n<p class=\"p4\"><b>Me gusta construir proyectos, conectar personas y explorar c\u00f3mo la tecnolog\u00eda cambia la forma en que trabajamos, nos comunicamos y tomamos decisiones.<\/b><b><\/b><\/p>\n<p class=\"p1\">Durante muchos a\u00f1os en este blog he escrito sobre comunicaci\u00f3n, marketing digital y tecnolog\u00eda. Seguramente seguir\u00e9 haci\u00e9ndolo, porque siguen siendo parte importante de mi trabajo y de mis intereses.<\/p>\n<p class=\"p1\">Pero con el tiempo uno tambi\u00e9n siente la necesidad de escribir sobre otras cosas que le preocupan o le interesan. As\u00ed que probablemente aqu\u00ed empiecen a aparecer tambi\u00e9n reflexiones sobre <span class=\"s1\"><b>filosof\u00eda, econom\u00eda, pol\u00edtica, antropolog\u00eda o historia<\/b><\/span>. En realidad, sobre todo aquello que nos ayuda a entender mejor el mundo en el que vivimos.<\/p>\n<p class=\"p1\">Este blog es simplemente eso: un lugar donde pensar en voz alta.<\/p>\n<p class=\"p1\">Si quieres contactar conmigo, puedes hacerlo aqu\u00ed:<\/p>\n<p class=\"p1\">Chema Mart\u00ednez-Priego<\/p>\n<p class=\"p1\">jmpriego (a) gmail.com<\/p>\n<p>Tienes toda la informaci\u00f3n <a href=\"http:\/\/es.linkedin.com\/in\/chemamartinezpriego\">completa aqu\u00ed<\/a>.<\/p>\n","protected":false},"excerpt":{"rendered":"<p>\u00a1Hola! Soy Chema Mart\u00ednez-Priego, marido, padre de cuatro preciosas ni\u00f1as y consultor. Aunque si soy sincero, la realidad es que me dedico a poner proyectos en marcha y hacer que pasen cosas. Nac\u00ed en Lucena (C\u00f3rdoba), me cri\u00e9 en Marbella, estudi\u00e9 en Pamplona, aprend\u00ed a trabajar en Madrid y ahora vivo en C\u00e1ceres, desde donde [&hellip;]<\/p>\n","protected":false},"author":1,"featured_media":1460,"parent":0,"menu_order":0,"comment_status":"open","ping_status":"closed","template":"","meta":{"footnotes":""},"class_list":["post-528","page","type-page","status-publish","has-post-thumbnail","hentry"],"_links":{"self":[{"href":"https:\/\/simdalom.com\/blog\/wp-json\/wp\/v2\/pages\/528","targetHints":{"allow":["GET"]}}],"collection":[{"href":"https:\/\/simdalom.com\/blog\/wp-json\/wp\/v2\/pages"}],"about":[{"href":"https:\/\/simdalom.com\/blog\/wp-json\/wp\/v2\/types\/page"}],"author":[{"embeddable":true,"href":"https:\/\/simdalom.com\/blog\/wp-json\/wp\/v2\/users\/1"}],"replies":[{"embeddable":true,"href":"https:\/\/simdalom.com\/blog\/wp-json\/wp\/v2\/comments?post=528"}],"version-history":[{"count":7,"href":"https:\/\/simdalom.com\/blog\/wp-json\/wp\/v2\/pages\/528\/revisions"}],"predecessor-version":[{"id":1461,"href":"https:\/\/simdalom.com\/blog\/wp-json\/wp\/v2\/pages\/528\/revisions\/1461"}],"wp:featuredmedia":[{"embeddable":true,"href":"https:\/\/simdalom.com\/blog\/wp-json\/wp\/v2\/media\/1460"}],"wp:attachment":[{"href":"https:\/\/simdalom.com\/blog\/wp-json\/wp\/v2\/media?parent=528"}],"curies":[{"name":"wp","href":"https:\/\/api.w.org\/{rel}","templated":true}]}}