{"id":1302,"date":"2013-06-10T13:52:23","date_gmt":"2013-06-10T11:52:23","guid":{"rendered":"http:\/\/www.simdalom.com\/blog\/?page_id=1302"},"modified":"2020-02-13T17:05:19","modified_gmt":"2020-02-13T17:05:19","slug":"contactar","status":"publish","type":"page","link":"https:\/\/simdalom.com\/blog\/contactar\/","title":{"rendered":"Contactar"},"content":{"rendered":"<p>Estoy a tu disposici\u00f3n.<\/p>\n<blockquote><p><strong>Jos\u00e9 M\u00aa Mart\u00ednez Priego<\/strong><br \/>\njmpriego {arroba} gmail.com<br \/>\n<strong>M\u00f3vil:<\/strong> [+34] 645.911.366 &#8211; Espa\u00f1a<\/p><\/blockquote>\n","protected":false},"excerpt":{"rendered":"<p>Estoy a tu disposici\u00f3n. Jos\u00e9 M\u00aa Mart\u00ednez Priego jmpriego {arroba} gmail.com M\u00f3vil: [+34] 645.911.366 &#8211; Espa\u00f1a<\/p>\n","protected":false},"author":1,"featured_media":0,"parent":0,"menu_order":0,"comment_status":"open","ping_status":"closed","template":"","meta":{"footnotes":""},"class_list":["post-1302","page","type-page","status-publish","hentry"],"_links":{"self":[{"href":"https:\/\/simdalom.com\/blog\/wp-json\/wp\/v2\/pages\/1302","targetHints":{"allow":["GET"]}}],"collection":[{"href":"https:\/\/simdalom.com\/blog\/wp-json\/wp\/v2\/pages"}],"about":[{"href":"https:\/\/simdalom.com\/blog\/wp-json\/wp\/v2\/types\/page"}],"author":[{"embeddable":true,"href":"https:\/\/simdalom.com\/blog\/wp-json\/wp\/v2\/users\/1"}],"replies":[{"embeddable":true,"href":"https:\/\/simdalom.com\/blog\/wp-json\/wp\/v2\/comments?post=1302"}],"version-history":[{"count":2,"href":"https:\/\/simdalom.com\/blog\/wp-json\/wp\/v2\/pages\/1302\/revisions"}],"predecessor-version":[{"id":1419,"href":"https:\/\/simdalom.com\/blog\/wp-json\/wp\/v2\/pages\/1302\/revisions\/1419"}],"wp:attachment":[{"href":"https:\/\/simdalom.com\/blog\/wp-json\/wp\/v2\/media?parent=1302"}],"curies":[{"name":"wp","href":"https:\/\/api.w.org\/{rel}","templated":true}]}}